{"id":368,"date":"2025-10-23T03:15:15","date_gmt":"2025-10-23T03:15:15","guid":{"rendered":"https:\/\/cnc-probe.com\/?post_type=product&#038;p=368"},"modified":"2026-02-28T07:11:49","modified_gmt":"2026-02-28T07:11:49","slug":"high-quality-cnc-infrared-touch-probe-with-wireless-link","status":"publish","type":"product","link":"https:\/\/cnc-probe.com\/pt\/high-quality-cnc-infrared-touch-probe-with-wireless-link\/","title":{"rendered":"Sonda t\u00e1til de infravermelhos CNC de alta qualidade com liga\u00e7\u00e3o sem fios"},"content":{"rendered":"<h1>Carater\u00edstica principal:<\/h1>\n<p>\u00d3tica de 2 canais, comuta\u00e7\u00e3o remota de canais<br \/>\nBaixo consumo de energia com dura\u00e7\u00e3o da bateria superior a 1 ano<br \/>\n&lt; 1\/100.000 probabilidade de perda de sinalIP68 n\u00edvel de prote\u00e7\u00e3o<\/p>\n<p>&nbsp;<\/p>\n<h1>Vantagens:<\/h1>\n<p>Simples de usar, f\u00e1cil emparelhamento, gest\u00e3o conveniente, comuta\u00e7\u00e3o remota de frequ\u00eancia com um \u00fanico clique. Adequado para f\u00e1bricas 3C com requisitos de alta precis\u00e3o, permitindo a medi\u00e7\u00e3o de alta precis\u00e3o de v\u00e1rias pe\u00e7as de trabalho complexas, melhorando significativamente a efici\u00eancia de fabrico, reduzindo a depend\u00eancia de compet\u00eancias dos funcion\u00e1rios. A dete\u00e7\u00e3o automatizada ao n\u00edvel do m\u00edcron reduz os defeitos dimensionais e os desperd\u00edcios, aumenta a capacidade de produ\u00e7\u00e3o e reduz os custos.\u201d<\/p>\n<p>&nbsp;<\/p>\n<h1>Par\u00e2metros do produto:<\/h1>\n<table style=\"height: 575px;\" width=\"691\">\n<tbody>\n<tr>\n<td width=\"301\">Item No.<\/td>\n<td colspan=\"2\" width=\"446\">DOP40<\/td>\n<\/tr>\n<tr>\n<td width=\"301\">Repetibilidade\uff082\u03c3\uff09<\/td>\n<td colspan=\"2\" width=\"446\">&lt;1um \uff08estilo\uff1a50mm\uff0cVelocidade\uff1a50~200mm\/min\uff09<\/td>\n<\/tr>\n<tr>\n<td width=\"301\">Dire\u00e7\u00e3o de disparo<\/td>\n<td colspan=\"2\" width=\"446\">\u00b1X,\u00b1Y,+Z<\/td>\n<\/tr>\n<tr>\n<td width=\"301\">For\u00e7a do gatilho (estribo): 50 mm.<\/td>\n<td width=\"210\">Plano XY: 0.5~0.9N<\/td>\n<td width=\"236\">Z: 6.2N<\/td>\n<\/tr>\n<tr>\n<td width=\"301\">Gama de prote\u00e7\u00e3o<\/td>\n<td width=\"210\">Plano XY: +\/-12.5\u00b0<\/td>\n<td width=\"236\">Z\uff1a 6,2mm<\/td>\n<\/tr>\n<tr>\n<td>Modo de transmiss\u00e3o do sinal<\/td>\n<td colspan=\"2\">Infravermelhos \u00f3pticos<\/td>\n<\/tr>\n<tr>\n<td>Gama de funcionamento<\/td>\n<td colspan=\"2\" width=\"446\">5m<\/td>\n<\/tr>\n<tr>\n<td>Vida \u00fatil do gatilho<\/td>\n<td colspan=\"2\">&gt;10 milh\u00f5es<\/td>\n<\/tr>\n<tr>\n<td>\u00c2ngulo de transmiss\u00e3oTransfer\u00eancia<\/td>\n<td colspan=\"2\" width=\"446\">360\u00b0Envelope de transmiss\u00e3o<\/td>\n<\/tr>\n<tr>\n<td>Ativa\u00e7\u00e3o da transfer\u00eancia<\/td>\n<td colspan=\"2\" width=\"446\">Mudan\u00e7a autom\u00e1tica<\/td>\n<\/tr>\n<tr>\n<td>Peso sem haste<\/td>\n<td colspan=\"2\" width=\"446\">220g<\/td>\n<\/tr>\n<tr>\n<td>Modelo de bateria<\/td>\n<td colspan=\"2\">2x Bateria de l\u00edtio 14250<\/td>\n<\/tr>\n<tr>\n<td rowspan=\"5\">Dura\u00e7\u00e3o da bateria<\/td>\n<td>Aguardar<\/td>\n<td width=\"236\">1300dias<\/td>\n<\/tr>\n<tr>\n<td>3000 accionamentos\/dia<\/td>\n<td width=\"236\">450dias<\/td>\n<\/tr>\n<tr>\n<td>800 accionamentos\/dia<\/td>\n<td width=\"236\">200 dias<\/td>\n<\/tr>\n<tr>\n<td>15000 disparos\/dia<\/td>\n<td width=\"236\">120 dias<\/td>\n<\/tr>\n<tr>\n<td colspan=\"2\">Funcionamento cont\u00ednuo: 7 milh\u00f5es<\/td>\n<\/tr>\n<tr>\n<td>Veda\u00e7\u00e3o<\/td>\n<td colspan=\"2\">IP68<\/td>\n<\/tr>\n<tr>\n<td>Temperatura de funcionamento<\/td>\n<td colspan=\"2\">5-60\u2103<\/td>\n<\/tr>\n<\/tbody>\n<\/table>\n<p data-start=\"2113\" data-end=\"2442\" data-is-last-node=\"\" data-is-only-node=\"\">","protected":false},"excerpt":{"rendered":"<p>Apalpador t\u00e1til de infravermelhos sem fios para CNC para uma fixa\u00e7\u00e3o r\u00e1pida e precisa de pe\u00e7as e inspe\u00e7\u00e3o durante o processo. Corpo met\u00e1lico compacto e selado com ponta de rubi, acionamento a 360\u00b0 e indica\u00e7\u00e3o clara do estado. Liga\u00e7\u00e3o IR est\u00e1vel, f\u00e1cil integra\u00e7\u00e3o com a maioria dos centros de maquinagem, baixa manuten\u00e7\u00e3o, durabilidade robusta.<\/p>","protected":false},"featured_media":1637,"template":"","meta":{"_gspb_post_css":""},"product_brand":[],"product_cat":[15],"product_tag":[30,32,31],"class_list":{"0":"post-368","1":"product","2":"type-product","3":"status-publish","4":"has-post-thumbnail","6":"product_cat-touch-probe","7":"product_tag-cnc-infrared-probe","8":"product_tag-machine-tool-probe","9":"product_tag-wireless-touch-probe","11":"first","12":"instock","13":"shipping-taxable","14":"product-type-simple"},"_links":{"self":[{"href":"https:\/\/cnc-probe.com\/pt\/wp-json\/wp\/v2\/product\/368","targetHints":{"allow":["GET"]}}],"collection":[{"href":"https:\/\/cnc-probe.com\/pt\/wp-json\/wp\/v2\/product"}],"about":[{"href":"https:\/\/cnc-probe.com\/pt\/wp-json\/wp\/v2\/types\/product"}],"wp:featuredmedia":[{"embeddable":true,"href":"https:\/\/cnc-probe.com\/pt\/wp-json\/wp\/v2\/media\/1637"}],"wp:attachment":[{"href":"https:\/\/cnc-probe.com\/pt\/wp-json\/wp\/v2\/media?parent=368"}],"wp:term":[{"taxonomy":"product_brand","embeddable":true,"href":"https:\/\/cnc-probe.com\/pt\/wp-json\/wp\/v2\/product_brand?post=368"},{"taxonomy":"product_cat","embeddable":true,"href":"https:\/\/cnc-probe.com\/pt\/wp-json\/wp\/v2\/product_cat?post=368"},{"taxonomy":"product_tag","embeddable":true,"href":"https:\/\/cnc-probe.com\/pt\/wp-json\/wp\/v2\/product_tag?post=368"}],"curies":[{"name":"wp","href":"https:\/\/api.w.org\/{rel}","templated":true}]}}