{"id":378,"date":"2025-10-23T09:09:24","date_gmt":"2025-10-23T09:09:24","guid":{"rendered":"https:\/\/cnc-probe.com\/?post_type=product&#038;p=378"},"modified":"2026-02-28T08:18:41","modified_gmt":"2026-02-28T08:18:41","slug":"high-precision-measurement-cnc-wireless-radio-touch-probe","status":"publish","type":"product","link":"https:\/\/cnc-probe.com\/pt\/high-precision-measurement-cnc-wireless-radio-touch-probe\/","title":{"rendered":"Medi\u00e7\u00e3o de alta precis\u00e3o CNC Sonda t\u00e1til de r\u00e1dio sem fios"},"content":{"rendered":"<h1>Carater\u00edstica principal:<\/h1>\n<p>Sinais de r\u00e1dio, transmiss\u00e3o sem barreiras<\/p>\n<p>&lt; 1\/100.000 probabilidade de perda de sinal<\/p>\n<p>Tecnologia de canal infinito<\/p>\n<p>Sinal de r\u00e1dio, transmiss\u00e3o sem barreiras<\/p>\n<p>N\u00edvel de prote\u00e7\u00e3o IP68<\/p>\n<p>&nbsp;<\/p>\n<h1>Vantagem:<\/h1>\n<p>Comunica\u00e7\u00e3o sem fios com salto de frequ\u00eancia fi\u00e1vel, estabilidade operacional extremamente elevada, particularmente adequada para requisitos de medi\u00e7\u00e3o complexos ou transmiss\u00e3o de sinais a longas dist\u00e2ncias ou em situa\u00e7\u00f5es com obst\u00e1culos, tais como medi\u00e7\u00f5es em linha em m\u00e1quinas multi-eixo.\u201d<\/p>\n<p>&nbsp;<\/p>\n<h1>Par\u00e2metros do produto:<\/h1>\n<table width=\"720\">\n<tbody>\n<tr>\n<td width=\"258\">Item No.<\/td>\n<td colspan=\"2\" width=\"462\">DRP40-P2<\/td>\n<\/tr>\n<tr>\n<td width=\"258\">Repetibilidade\uff082\u03c3\uff09<\/td>\n<td colspan=\"2\" width=\"462\">&lt;1um \uff08estilo\uff1a50mm\uff0cvelocidade: 50 ~ 200mm \/ min\uff09<\/td>\n<\/tr>\n<tr>\n<td width=\"258\">Dire\u00e7\u00e3o de disparo<\/td>\n<td colspan=\"2\" width=\"462\">\u00b1X,\u00b1Y,+Z<\/td>\n<\/tr>\n<tr>\n<td width=\"258\">For\u00e7a do gatilho (estribo): 50 mm.<\/td>\n<td width=\"231\">Plano XY 0,5~0,9N<\/td>\n<td width=\"231\">Z: 6.2N<\/td>\n<\/tr>\n<tr>\n<td width=\"258\">Gama de prote\u00e7\u00e3o<\/td>\n<td width=\"231\">Plano XY +\/-12,5\u00b0<\/td>\n<td width=\"231\">Z: 6,2 mm<\/td>\n<\/tr>\n<tr>\n<td>Modo de transmiss\u00e3o do sinal<\/td>\n<td colspan=\"2\">Transmiss\u00e3o por r\u00e1dio<\/td>\n<\/tr>\n<tr>\n<td>Gama de funcionamento<\/td>\n<td colspan=\"2\" width=\"462\">15m<\/td>\n<\/tr>\n<tr>\n<td>Vida \u00fatil do gatilho<\/td>\n<td colspan=\"2\">&gt;10 milh\u00f5es<\/td>\n<\/tr>\n<tr>\n<td>\u00c2ngulo de transmiss\u00e3o<\/td>\n<td colspan=\"2\" width=\"462\">360\u00b0Envelope de transmiss\u00e3o<\/td>\n<\/tr>\n<tr>\n<td>Radiofrequ\u00eancia<\/td>\n<td colspan=\"2\" width=\"462\">2,4 GHz<\/td>\n<\/tr>\n<tr>\n<td>N\u00famero de canais<\/td>\n<td colspan=\"2\" width=\"462\">83<\/td>\n<\/tr>\n<tr>\n<td>Comuta\u00e7\u00e3o de canais<\/td>\n<td colspan=\"2\" width=\"462\">Salto de frequ\u00eancia inteligente<\/td>\n<\/tr>\n<tr>\n<td>Transmiss\u00e3o ligada<\/td>\n<td colspan=\"2\" width=\"462\">C\u00f3digo M<\/td>\n<\/tr>\n<tr>\n<td>Peso sem haste<\/td>\n<td colspan=\"2\" width=\"462\">220g\uff08A bateria n\u00e3o est\u00e1 inclu\u00edda\uff09<\/td>\n<\/tr>\n<tr>\n<td>Modelo de bateria<\/td>\n<td colspan=\"2\">2x Bateria de l\u00edtio 14250<\/td>\n<\/tr>\n<tr>\n<td rowspan=\"5\">Dura\u00e7\u00e3o da bateria<\/td>\n<td>Aguardar<\/td>\n<td width=\"231\">&gt;400dias<\/td>\n<\/tr>\n<tr>\n<td>3000 accionamentos\/dia<\/td>\n<td width=\"231\">350dias<\/td>\n<\/tr>\n<tr>\n<td>800 accionamentos\/dia<\/td>\n<td width=\"231\">300 dias<\/td>\n<\/tr>\n<tr>\n<td>15000 disparos\/dia<\/td>\n<td width=\"231\">230dias<\/td>\n<\/tr>\n<tr>\n<td colspan=\"2\">Trabalho cont\u00ednuo: &gt;3,5 milh\u00f5es<\/td>\n<\/tr>\n<tr>\n<td>Veda\u00e7\u00e3o<\/td>\n<td colspan=\"2\">IP68<\/td>\n<\/tr>\n<tr>\n<td>Temperatura de funcionamento<\/td>\n<td colspan=\"2\">5-60\u2103<\/td>\n<\/tr>\n<\/tbody>\n<\/table>\n<p>&nbsp;<\/p>","protected":false},"excerpt":{"rendered":"<p>Apalpador por r\u00e1dio sem fios CNC com transmiss\u00e3o sem barreiras para configura\u00e7\u00e3o r\u00e1pida e precisa e inspe\u00e7\u00e3o durante o processo. Liga\u00e7\u00e3o RF ultra-est\u00e1vel com probabilidade de perda de sinal &lt;1\/100.000, tecnologia de canal infinito e prote\u00e7\u00e3o IP68 para ambientes agressivos de refrigera\u00e7\u00e3o e de aparas.<\/p>","protected":false},"featured_media":1119,"template":"","meta":{"_gspb_post_css":""},"product_brand":[],"product_cat":[15],"product_tag":[34,33,31],"class_list":{"0":"post-378","1":"product","2":"type-product","3":"status-publish","4":"has-post-thumbnail","6":"product_cat-touch-probe","7":"product_tag-3d-touch-probe","8":"product_tag-cnc-wireless-radio-probe","9":"product_tag-wireless-touch-probe","11":"first","12":"instock","13":"shipping-taxable","14":"product-type-simple"},"_links":{"self":[{"href":"https:\/\/cnc-probe.com\/pt\/wp-json\/wp\/v2\/product\/378","targetHints":{"allow":["GET"]}}],"collection":[{"href":"https:\/\/cnc-probe.com\/pt\/wp-json\/wp\/v2\/product"}],"about":[{"href":"https:\/\/cnc-probe.com\/pt\/wp-json\/wp\/v2\/types\/product"}],"wp:featuredmedia":[{"embeddable":true,"href":"https:\/\/cnc-probe.com\/pt\/wp-json\/wp\/v2\/media\/1119"}],"wp:attachment":[{"href":"https:\/\/cnc-probe.com\/pt\/wp-json\/wp\/v2\/media?parent=378"}],"wp:term":[{"taxonomy":"product_brand","embeddable":true,"href":"https:\/\/cnc-probe.com\/pt\/wp-json\/wp\/v2\/product_brand?post=378"},{"taxonomy":"product_cat","embeddable":true,"href":"https:\/\/cnc-probe.com\/pt\/wp-json\/wp\/v2\/product_cat?post=378"},{"taxonomy":"product_tag","embeddable":true,"href":"https:\/\/cnc-probe.com\/pt\/wp-json\/wp\/v2\/product_tag?post=378"}],"curies":[{"name":"wp","href":"https:\/\/api.w.org\/{rel}","templated":true}]}}