{"id":383,"date":"2025-10-23T09:54:12","date_gmt":"2025-10-23T09:54:12","guid":{"rendered":"https:\/\/cnc-probe.com\/?post_type=product&#038;p=383"},"modified":"2026-02-28T08:17:18","modified_gmt":"2026-02-28T08:17:18","slug":"cnc-transmission-wired-touch-probe-high-accuracy-signal","status":"publish","type":"product","link":"https:\/\/cnc-probe.com\/pt\/cnc-transmission-wired-touch-probe-high-accuracy-signal\/","title":{"rendered":"Sonda t\u00e1til com fios para transmiss\u00e3o CNC Sinal de alta precis\u00e3o"},"content":{"rendered":"<h1>Carater\u00edstica principal:<\/h1>\n<p>\u00cdndice de prote\u00e7\u00e3o Ip68 com uma estrutura de prote\u00e7\u00e3o de dupla veda\u00e7\u00e3o<\/p>\n<p>Montagem modular, comprimento da sonda personaliz\u00e1vel<\/p>\n<p>Estabilidade operacional excecional, l\u00edder do sector<\/p>\n<p>Luzes indicadoras para uma f\u00e1cil visibilidade do estado operacional<\/p>\n<p>Adequado para as ind\u00fastrias de alta precis\u00e3o e de retifica\u00e7\u00e3o<\/p>\n<p>&nbsp;<\/p>\n<h1>Vantagem:<\/h1>\n<p>Utiliza a liga\u00e7\u00e3o por cabo para manter a comunica\u00e7\u00e3o em tempo real com a m\u00e1quina CNC, permitindo a transmiss\u00e3o de dados, corre\u00e7\u00e3o autom\u00e1tica, auto-centragem e compensa\u00e7\u00e3o autom\u00e1tica. Utiliza um sistema aut\u00f3nomo.<\/p>\n<p>&nbsp;<\/p>\n<h1>Par\u00e2metros do produto:<\/h1>\n<table style=\"border-collapse: collapse; width: 414.02pt;\" border=\"0\" width=\"690\" cellspacing=\"0\" cellpadding=\"0\">\n<tbody>\n<tr style=\"height: 25.05pt;\">\n<td class=\"et4\" style=\"height: 25.05pt; width: 154.80pt;\" width=\"258\" height=\"41\">Item No.<\/td>\n<td class=\"et5\" style=\"width: 259.20pt;\" colspan=\"2\" width=\"432\">DLP25<\/td>\n<\/tr>\n<tr style=\"height: 25.05pt;\">\n<td class=\"et4\" style=\"height: 25.05pt; width: 154.80pt;\" width=\"258\" height=\"41\">Repetibilidade<span class=\"font0\">\uff08<\/span><span class=\"font1\">2\u03c3<\/span><span class=\"font0\">\uff09<\/span><\/td>\n<td class=\"et5\" style=\"width: 259.20pt;\" colspan=\"2\" width=\"432\">&lt;1um<span class=\"font0\">\uff08<\/span><span class=\"font1\">caneta<\/span><span class=\"font0\">\uff1a<\/span><span class=\"font1\">50mm<\/span><span class=\"font0\">\uff0c<\/span><span class=\"font1\">velocidade<\/span><span class=\"font0\">\uff1a<\/span><span class=\"font1\">50~200mm\/min<\/span><span class=\"font0\">\uff09<\/span><\/td>\n<\/tr>\n<tr style=\"height: 25.05pt;\">\n<td class=\"et4\" style=\"height: 25.05pt; width: 154.80pt;\" width=\"258\" height=\"41\">Dire\u00e7\u00e3o de disparo<\/td>\n<td class=\"et5\" style=\"width: 259.20pt;\" colspan=\"2\" width=\"432\">\u00b1X,\u00b1Y,+Z<\/td>\n<\/tr>\n<tr style=\"height: 36.00pt;\">\n<td class=\"et4\" style=\"height: 36.00pt; width: 154.80pt;\" width=\"258\" height=\"60\">For\u00e7a do gatilho<span class=\"font0\">\uff08<\/span><span class=\"font1\">caneta<\/span><span class=\"font0\">\uff1a<\/span><span class=\"font1\">50mm<\/span><span class=\"font0\">\uff09<\/span><\/td>\n<td class=\"et5\" style=\"width: 120.60pt;\" width=\"201\">Plano XY 0,5~0,9N<\/td>\n<td class=\"et5\" style=\"width: 138.60pt;\" width=\"231\">Z: 6.2N<\/td>\n<\/tr>\n<tr style=\"height: 25.05pt;\">\n<td class=\"et4\" style=\"height: 25.05pt; width: 154.80pt;\" width=\"258\" height=\"41\">Gama de prote\u00e7\u00e3o<\/td>\n<td class=\"et6\" style=\"width: 120.60pt;\" width=\"201\">Plano XY +\/-12,5\u00b0<\/td>\n<td class=\"et5\" style=\"width: 138.60pt;\" width=\"231\">Z: 6,2 mm<\/td>\n<\/tr>\n<tr style=\"height: 25.05pt;\">\n<td class=\"et7\" style=\"height: 25.05pt;\" height=\"41\">Modo de transmiss\u00e3o do sinal<\/td>\n<td class=\"et8\" colspan=\"2\">Cabo<\/td>\n<\/tr>\n<tr style=\"height: 25.05pt;\">\n<td class=\"et7\" style=\"height: 25.05pt;\" height=\"41\">Vida \u00fatil do gatilho<\/td>\n<td class=\"et5\" style=\"width: 259.20pt;\" colspan=\"2\" width=\"432\">&gt;10 milh\u00f5es<\/td>\n<\/tr>\n<tr style=\"height: 25.05pt;\">\n<td class=\"et7\" style=\"height: 25.05pt;\" height=\"41\">Peso<\/td>\n<td class=\"et8\" colspan=\"2\">80g<\/td>\n<\/tr>\n<tr style=\"height: 25.05pt;\">\n<td class=\"et7\" style=\"height: 25.05pt;\" height=\"41\">Cabo<\/td>\n<td class=\"et5\" style=\"width: 259.20pt;\" colspan=\"2\" width=\"432\">5m, resist\u00eancia ao \u00f3leo, 4 n\u00facleos, \u03c65mm<\/td>\n<\/tr>\n<tr style=\"height: 25.05pt;\">\n<td class=\"et7\" style=\"height: 25.05pt;\" height=\"41\">Material da caixa<\/td>\n<td class=\"et8\" colspan=\"2\">A\u00e7o inoxid\u00e1vel 316<\/td>\n<\/tr>\n<tr style=\"height: 25.05pt;\">\n<td class=\"et7\" style=\"height: 25.05pt;\" height=\"41\">Veda\u00e7\u00e3o<\/td>\n<td class=\"et5\" style=\"width: 259.20pt;\" colspan=\"2\" width=\"432\">IP68<\/td>\n<\/tr>\n<tr style=\"height: 25.05pt;\">\n<td class=\"et7\" style=\"height: 25.05pt;\" height=\"41\">Temperatura de funcionamento<\/td>\n<td class=\"et9\" colspan=\"2\">5-60<span class=\"font4\">\u2103<\/span><\/td>\n<\/tr>\n<\/tbody>\n<\/table>","protected":false},"excerpt":{"rendered":"<p>Apalpador t\u00e1til com fio CNC constru\u00eddo para aplica\u00e7\u00f5es de alta precis\u00e3o e retifica\u00e7\u00e3o. Prote\u00e7\u00e3o IP68 de dupla veda\u00e7\u00e3o, design modular com comprimento de apalpador personaliz\u00e1vel, estabilidade l\u00edder na ind\u00fastria e luzes indicadoras claras para visibilidade instant\u00e2nea do estado - ideal para ambientes exigentes com muita poeira e l\u00edquidos refrigerantes.<\/p>","protected":false},"featured_media":841,"template":"","meta":{"_gspb_post_css":""},"product_brand":[],"product_cat":[15],"product_tag":[35,37,36],"class_list":{"0":"post-383","1":"product","2":"type-product","3":"status-publish","4":"has-post-thumbnail","6":"product_cat-touch-probe","7":"product_tag-cnc-wired-transmission-probe","8":"product_tag-wired-3d-probe","9":"product_tag-wired-touch-probe","11":"first","12":"instock","13":"shipping-taxable","14":"product-type-simple"},"_links":{"self":[{"href":"https:\/\/cnc-probe.com\/pt\/wp-json\/wp\/v2\/product\/383","targetHints":{"allow":["GET"]}}],"collection":[{"href":"https:\/\/cnc-probe.com\/pt\/wp-json\/wp\/v2\/product"}],"about":[{"href":"https:\/\/cnc-probe.com\/pt\/wp-json\/wp\/v2\/types\/product"}],"wp:featuredmedia":[{"embeddable":true,"href":"https:\/\/cnc-probe.com\/pt\/wp-json\/wp\/v2\/media\/841"}],"wp:attachment":[{"href":"https:\/\/cnc-probe.com\/pt\/wp-json\/wp\/v2\/media?parent=383"}],"wp:term":[{"taxonomy":"product_brand","embeddable":true,"href":"https:\/\/cnc-probe.com\/pt\/wp-json\/wp\/v2\/product_brand?post=383"},{"taxonomy":"product_cat","embeddable":true,"href":"https:\/\/cnc-probe.com\/pt\/wp-json\/wp\/v2\/product_cat?post=383"},{"taxonomy":"product_tag","embeddable":true,"href":"https:\/\/cnc-probe.com\/pt\/wp-json\/wp\/v2\/product_tag?post=383"}],"curies":[{"name":"wp","href":"https:\/\/api.w.org\/{rel}","templated":true}]}}