{"id":866,"date":"2026-01-17T03:24:49","date_gmt":"2026-01-17T03:24:49","guid":{"rendered":"https:\/\/cnc-probe.com\/?post_type=product&#038;p=866"},"modified":"2026-02-28T08:48:49","modified_gmt":"2026-02-28T08:48:49","slug":"cnc-z-axis-wired-tool-setter-large-strok-cost-effective","status":"publish","type":"product","link":"https:\/\/cnc-probe.com\/pt\/cnc-z-axis-wired-tool-setter-large-strok-cost-effective\/","title":{"rendered":"Ferramenta de ajuste de eixo Z cnc com fio de grande porte e custo-benef\u00edcio"},"content":{"rendered":"<h1>Carater\u00edstica principal:<\/h1>\n<p>N\u00edvel de prote\u00e7\u00e3o IP 68<br \/>\nPrecis\u00e3o &lt;0,5uM.<br \/>\nDisparo do sensor fotoel\u00e9trico, maior precis\u00e3o e vida \u00fatil mais longa<\/p>\n<p>&nbsp;<\/p>\n<h1>Vantagem:<\/h1>\n<p>Mede automaticamente o comprimento da ferramenta, o di\u00e2metro da ferramenta e a deflex\u00e3o da ferramenta. O sensor de disparo fotoel\u00e9trico de alta precis\u00e3o pode funcionar em v\u00e1rios ambientes complexos, melhorando a velocidade e a precis\u00e3o da dete\u00e7\u00e3o da ferramenta, reduzindo os erros, minimizando os desperd\u00edcios e aumentando a produtividade.<\/p>\n<p>&nbsp;<\/p>\n<h1>Par\u00e2metros do produto:<\/h1>\n<table style=\"border-collapse: collapse; width: 402.62pt;\" border=\"0\" width=\"671\" cellspacing=\"0\" cellpadding=\"0\">\n<tbody>\n<tr style=\"height: 25.05pt;\">\n<td class=\"et4\" style=\"height: 25.05pt; width: 160.20pt;\" width=\"267\" height=\"41\">Item NO.<\/td>\n<td class=\"et5\" style=\"width: 242.40pt;\" colspan=\"2\" width=\"404\">DTS200C<\/td>\n<\/tr>\n<tr style=\"height: 25.05pt;\">\n<td class=\"et4\" style=\"height: 25.05pt; width: 160.20pt;\" width=\"267\" height=\"41\">Di\u00e2metro do painel t\u00e1til<\/td>\n<td class=\"et5\" style=\"width: 242.40pt;\" colspan=\"2\" width=\"404\">\u03c620<\/td>\n<\/tr>\n<tr style=\"height: 25.05pt;\">\n<td class=\"et4\" style=\"height: 25.05pt; width: 160.20pt;\" width=\"267\" height=\"41\">Dire\u00e7\u00e3o de disparo<\/td>\n<td class=\"et6\" style=\"width: 242.40pt;\" colspan=\"2\" width=\"404\">+Z<\/td>\n<\/tr>\n<tr style=\"height: 25.05pt;\">\n<td class=\"et4\" style=\"height: 25.05pt; width: 160.20pt;\" width=\"267\" height=\"41\">Pr\u00e9-acidente vascular cerebral<\/td>\n<td class=\"et5\" style=\"width: 242.40pt;\" colspan=\"2\" width=\"404\">0,7 mm<\/td>\n<\/tr>\n<tr style=\"height: 25.05pt;\">\n<td class=\"et4\" style=\"height: 25.05pt; width: 160.20pt;\" width=\"267\" height=\"41\">Sa\u00edda<\/td>\n<td class=\"et5\" style=\"width: 242.40pt;\" colspan=\"2\" width=\"404\">A:N\u00c3O<\/td>\n<\/tr>\n<tr style=\"height: 25.05pt;\">\n<td class=\"et7\" style=\"height: 25.05pt;\" height=\"41\">Acidente vascular cerebral<\/td>\n<td class=\"et8\" colspan=\"2\">8,5 mm<\/td>\n<\/tr>\n<tr style=\"height: 25.05pt;\">\n<td class=\"et4\" style=\"height: 25.05pt; width: 160.20pt;\" width=\"267\" height=\"41\">Curso de prote\u00e7\u00e3o do gatilho<\/td>\n<td class=\"et8\" colspan=\"2\">5,5 mm<\/td>\n<\/tr>\n<tr style=\"height: 31.00pt;\">\n<td class=\"et4\" style=\"height: 31.00pt; width: 160.20pt;\" width=\"267\" height=\"51\"><span class=\"font1\">Precis\u00e3o da repetibilidade(2\u03c3<\/span><span class=\"font2\">\uff09<\/span><\/td>\n<td class=\"et5\" style=\"width: 242.40pt;\" colspan=\"2\" width=\"404\"><span class=\"font1\">&lt;1um<\/span><span class=\"font2\">\uff08<\/span><span class=\"font1\">velocidade 50mm\/min<\/span><span class=\"font2\">\uff09<\/span><\/td>\n<\/tr>\n<tr style=\"height: 25.05pt;\">\n<td class=\"et7\" style=\"height: 25.05pt;\" height=\"41\">Vida \u00fatil do gatilho<\/td>\n<td class=\"et5\" style=\"width: 242.40pt;\" colspan=\"2\" width=\"404\">&gt;10 milh\u00f5es<\/td>\n<\/tr>\n<tr style=\"height: 31.95pt;\">\n<td class=\"et7\" style=\"height: 31.95pt;\" height=\"53\">Modo de transmiss\u00e3o do sinal<\/td>\n<td class=\"et5\" style=\"width: 242.40pt;\" colspan=\"2\" width=\"404\">Cabo<br \/>\n5m,resist\u00eancia ao \u00f3leo,6cores,\u03c64.8<\/td>\n<\/tr>\n<tr style=\"height: 25.05pt;\">\n<td class=\"et7\" style=\"height: 25.05pt;\" height=\"41\">Veda\u00e7\u00e3o<\/td>\n<td class=\"et5\" style=\"width: 242.40pt;\" colspan=\"2\" width=\"404\">IP68<\/td>\n<\/tr>\n<tr style=\"height: 25.05pt;\">\n<td class=\"et7\" style=\"height: 25.05pt;\" height=\"41\">For\u00e7a de gatilho<\/td>\n<td class=\"et8\" colspan=\"2\">2.2N(Estado de instala\u00e7\u00e3o: Vertical)<\/td>\n<\/tr>\n<tr style=\"height: 25.05pt;\">\n<td class=\"et7\" style=\"height: 25.05pt;\" height=\"41\">Material do painel t\u00e1til<\/td>\n<td class=\"et5\" style=\"width: 242.40pt;\" colspan=\"2\" width=\"404\">Carboneto de tungst\u00e9nio<\/td>\n<\/tr>\n<tr style=\"height: 25.05pt;\">\n<td class=\"et7\" style=\"height: 25.05pt;\" height=\"41\">Tratamento de superf\u00edcie<\/td>\n<td class=\"et5\" style=\"width: 242.40pt;\" colspan=\"2\" width=\"404\">Retifica\u00e7\u00e3o 4S<\/td>\n<\/tr>\n<tr style=\"height: 33.00pt;\">\n<td class=\"et7\" style=\"height: 33.00pt;\" height=\"55\">Valor nominal do contacto<\/td>\n<td class=\"et5\" style=\"width: 242.40pt;\" colspan=\"2\" width=\"404\">DC24V 20mA(MAX) Valor recomendado10mA)Carga resistiva<\/td>\n<\/tr>\n<tr style=\"height: 25.05pt;\">\n<td class=\"et7\" style=\"height: 25.05pt;\" height=\"41\">Tubo de prote\u00e7\u00e3o<\/td>\n<td class=\"et5\" style=\"width: 242.40pt;\" colspan=\"2\" width=\"404\">1,5 m, raio m\u00ednimo R7<\/td>\n<\/tr>\n<tr style=\"height: 25.05pt;\">\n<td class=\"et7\" style=\"height: 25.05pt;\" height=\"41\">Luz LED<\/td>\n<td class=\"et5\" style=\"width: 242.40pt;\" colspan=\"2\" width=\"404\">Norma: desligado; ativo: ligado<\/td>\n<\/tr>\n<\/tbody>\n<\/table>\n<p>&nbsp;<\/p>","protected":false},"excerpt":{"rendered":"<p>Ferramenta de ajuste com fio de eixo Z CNC econ\u00f3mica com veda\u00e7\u00e3o IP68, curso grande de 11 mm e precis\u00e3o \u22640,5 \u03bcm. O gatilho fotoel\u00e9trico garante alta precis\u00e3o e longa vida \u00fatil. Mede automaticamente o comprimento, o di\u00e2metro e a deflex\u00e3o da ferramenta para reduzir os erros e as dimens\u00f5es e o desempenho optimizados para melhor valor do que o DTS200.<\/p>","protected":false},"featured_media":1339,"template":"","meta":{"_gspb_post_css":""},"product_brand":[],"product_cat":[17],"product_tag":[58,60,59],"class_list":{"0":"post-866","1":"product","2":"type-product","3":"status-publish","4":"has-post-thumbnail","6":"product_cat-cnc-tool-setter","7":"product_tag-cnc-z-axis-wired-tool-setter","8":"product_tag-cost-effective-large-stroke-tool-setter","9":"product_tag-photoelectric-trigger-sensor","11":"first","12":"instock","13":"shipping-taxable","14":"product-type-simple"},"_links":{"self":[{"href":"https:\/\/cnc-probe.com\/pt\/wp-json\/wp\/v2\/product\/866","targetHints":{"allow":["GET"]}}],"collection":[{"href":"https:\/\/cnc-probe.com\/pt\/wp-json\/wp\/v2\/product"}],"about":[{"href":"https:\/\/cnc-probe.com\/pt\/wp-json\/wp\/v2\/types\/product"}],"wp:featuredmedia":[{"embeddable":true,"href":"https:\/\/cnc-probe.com\/pt\/wp-json\/wp\/v2\/media\/1339"}],"wp:attachment":[{"href":"https:\/\/cnc-probe.com\/pt\/wp-json\/wp\/v2\/media?parent=866"}],"wp:term":[{"taxonomy":"product_brand","embeddable":true,"href":"https:\/\/cnc-probe.com\/pt\/wp-json\/wp\/v2\/product_brand?post=866"},{"taxonomy":"product_cat","embeddable":true,"href":"https:\/\/cnc-probe.com\/pt\/wp-json\/wp\/v2\/product_cat?post=866"},{"taxonomy":"product_tag","embeddable":true,"href":"https:\/\/cnc-probe.com\/pt\/wp-json\/wp\/v2\/product_tag?post=866"}],"curies":[{"name":"wp","href":"https:\/\/api.w.org\/{rel}","templated":true}]}}