{"id":875,"date":"2026-01-17T05:41:32","date_gmt":"2026-01-17T05:41:32","guid":{"rendered":"https:\/\/cnc-probe.com\/?post_type=product&#038;p=875"},"modified":"2026-02-28T09:28:04","modified_gmt":"2026-02-28T09:28:04","slug":"optical-wired-five-axis-cnc-touch-tool-setter-high-accuracy","status":"publish","type":"product","link":"https:\/\/cnc-probe.com\/pt\/optical-wired-five-axis-cnc-touch-tool-setter-high-accuracy\/","title":{"rendered":"Ferramenta de ajuste de toque cnc de cinco eixos com fio \u00f3tico de alta precis\u00e3o"},"content":{"rendered":"<h1>Carater\u00edstica principal\uff1a<\/h1>\n<p>Medi\u00e7\u00e3o autom\u00e1tica do comprimento e do di\u00e2metro da ferramenta<\/p>\n<p>N\u00edvel de prote\u00e7\u00e3o Ip68<\/p>\n<p>Luzes indicadoras para uma f\u00e1cil visibilidade do estado operacional<\/p>\n<p>Adequado para m\u00e1quinas CNC que n\u00e3o rodam a mesa de trabalho<\/p>\n<p>&nbsp;<\/p>\n<h1>Vantagem\uff1a<\/h1>\n<p>Pode efetuar medi\u00e7\u00f5es na m\u00e1quina do comprimento e di\u00e2metro da ferramenta, compensa\u00e7\u00e3o autom\u00e1tica e dete\u00e7\u00e3o de quebra da ferramenta. O sensor de disparo utiliza uma estrutura de liga dura de alta resist\u00eancia e a tecnologia de reposi\u00e7\u00e3o aut\u00f3noma por micro-deforma\u00e7\u00e3o desenvolvida pela Qidu, garantindo uma excelente estabilidade do produto e uma elevada repetibilidade no posicionamento preciso.<\/p>\n<p>&nbsp;<\/p>\n<h1>Par\u00e2metros do produto:<\/h1>\n<table style=\"border-collapse: collapse; width: 458.43pt;\" border=\"0\" width=\"764\" cellspacing=\"0\" cellpadding=\"0\">\n<tbody>\n<tr style=\"height: 25.05pt;\">\n<td class=\"et4\" style=\"height: 25.05pt; width: 161.40pt;\" width=\"269\" height=\"41\">Item No.<\/td>\n<td class=\"et5\" style=\"width: 297.00pt;\" colspan=\"2\" width=\"495\">DMTS-L<\/td>\n<\/tr>\n<tr style=\"height: 25.05pt;\">\n<td class=\"et4\" style=\"height: 25.05pt; width: 161.40pt;\" width=\"269\" height=\"41\">Sa\u00edda<\/td>\n<td class=\"et5\" style=\"width: 297.00pt;\" colspan=\"2\" width=\"495\">A:N\u00c3O<\/td>\n<\/tr>\n<tr style=\"height: 25.05pt;\">\n<td class=\"et4\" style=\"height: 25.05pt; width: 161.40pt;\" width=\"269\" height=\"41\">Dire\u00e7\u00e3o de disparo<\/td>\n<td class=\"et5\" style=\"width: 297.00pt;\" colspan=\"2\" width=\"495\">\u00b1X,\u00b1Y,+Z<\/td>\n<\/tr>\n<tr style=\"height: 25.05pt;\">\n<td class=\"et4\" style=\"height: 25.05pt; width: 161.40pt;\" width=\"269\" height=\"41\">Pr\u00e9-acidente vascular cerebral<\/td>\n<td class=\"et5\" style=\"width: 297.00pt;\" colspan=\"2\" width=\"495\">N\u00c3O<\/td>\n<\/tr>\n<tr style=\"height: 37.95pt;\">\n<td class=\"et6\" style=\"height: 37.95pt;\" height=\"63\">Acidente vascular cerebral<\/td>\n<td class=\"et5\" style=\"width: 138.60pt;\" width=\"231\">Plano XY<br \/>\n6,0 mm<\/td>\n<td class=\"et5\" style=\"width: 158.40pt;\" width=\"264\">Z<br \/>\n5,1 mm<\/td>\n<\/tr>\n<tr style=\"height: 30.00pt;\">\n<td class=\"et4\" style=\"height: 30.00pt; width: 161.40pt;\" width=\"269\" height=\"50\"><span class=\"font1\">Repetibilidade precis\u00e3o<\/span><span class=\"font2\">\uff08<\/span><span class=\"font1\">2\u03c3<\/span><span class=\"font2\">\uff09<\/span><\/td>\n<td class=\"et5\" style=\"width: 297.00pt;\" colspan=\"2\" width=\"495\"><span class=\"font1\">&lt;1um<\/span><span class=\"font2\">\uff08<\/span><span class=\"font1\">velocidade 30mm\/min<\/span><span class=\"font2\">\uff09<\/span><\/td>\n<\/tr>\n<tr style=\"height: 25.05pt;\">\n<td class=\"et6\" style=\"height: 25.05pt;\" height=\"41\">Vida \u00fatil do gatilho<\/td>\n<td class=\"et5\" style=\"width: 297.00pt;\" colspan=\"2\" width=\"495\">&gt;10 milh\u00f5es<\/td>\n<\/tr>\n<tr style=\"height: 25.05pt;\">\n<td class=\"et6\" style=\"height: 25.05pt;\" height=\"41\">Veda\u00e7\u00e3o<\/td>\n<td class=\"et5\" style=\"width: 297.00pt;\" colspan=\"2\" width=\"495\">IP68<\/td>\n<\/tr>\n<tr style=\"height: 25.95pt;\">\n<td class=\"et6\" style=\"height: 25.95pt;\" height=\"43\">For\u00e7a de gatilho<\/td>\n<td class=\"et5\" style=\"width: 297.00pt;\" colspan=\"2\" width=\"495\"><span class=\"font1\">1,1N ~2,2N (depende da dire\u00e7\u00e3o de dete\u00e7\u00e3o)<\/span><span class=\"font2\">\uff09<\/span><\/td>\n<\/tr>\n<tr style=\"height: 37.05pt;\">\n<td class=\"et6\" style=\"height: 37.05pt;\" height=\"61\">Transmiss\u00e3o de sinais<\/td>\n<td class=\"et5\" style=\"width: 297.00pt;\" colspan=\"2\" width=\"495\">Cabo<br \/>\n5m,resist\u00eancia ao \u00f3leo,6cores,\u03c65.5<\/td>\n<\/tr>\n<tr style=\"height: 43.00pt;\">\n<td class=\"et6\" style=\"height: 43.00pt;\" height=\"71\">Material do painel t\u00e1til<\/td>\n<td class=\"et5\" style=\"width: 297.00pt;\" colspan=\"2\" width=\"495\">Palpador de disco (liga super dura, dureza Vickers HV1500)<\/td>\n<\/tr>\n<tr style=\"height: 25.05pt;\">\n<td class=\"et6\" style=\"height: 25.05pt;\" height=\"41\">Tratamento de superf\u00edcie<\/td>\n<td class=\"et5\" style=\"width: 297.00pt;\" colspan=\"2\" width=\"495\">Retifica\u00e7\u00e3o 4S<\/td>\n<\/tr>\n<tr style=\"height: 27.00pt;\">\n<td class=\"et6\" style=\"height: 27.00pt;\" height=\"45\">Valor nominal do contacto<\/td>\n<td class=\"et5\" style=\"width: 297.00pt;\" colspan=\"2\" width=\"495\">DC24V, 20mA (MAX), recomendado 10mA, carga resistiva<\/td>\n<\/tr>\n<tr style=\"height: 25.05pt;\">\n<td class=\"et6\" style=\"height: 25.05pt;\" height=\"41\">Tubo de prote\u00e7\u00e3o<\/td>\n<td class=\"et5\" style=\"width: 297.00pt;\" colspan=\"2\" width=\"495\">1,5 m, raio de curvatura m\u00ednimo R7<\/td>\n<\/tr>\n<tr style=\"height: 25.05pt;\">\n<td class=\"et6\" style=\"height: 25.05pt;\" height=\"41\">Luz LED<\/td>\n<td class=\"et5\" style=\"width: 297.00pt;\" colspan=\"2\" width=\"495\">Normal:OFF;Ativo:ON<\/td>\n<\/tr>\n<\/tbody>\n<\/table>","protected":false},"excerpt":{"rendered":"<p>Ferramenteiro CNC de 5 eixos com fio para medi\u00e7\u00e3o autom\u00e1tica do comprimento e di\u00e2metro da ferramenta com veda\u00e7\u00e3o IP68 e luzes indicadoras de estado claras. Ideal para m\u00e1quinas de 5 eixos que n\u00e3o rodam a mesa de trabalho. O gatilho de liga dura com auto-redefini\u00e7\u00e3o de micro-deforma\u00e7\u00e3o Qidu proporciona elevada estabilidade, repetibilidade, compensa\u00e7\u00e3o e dete\u00e7\u00e3o de quebra da ferramenta.<\/p>","protected":false},"featured_media":1025,"template":"","meta":{"_gspb_post_css":""},"product_brand":[],"product_cat":[17],"product_tag":[61,62,63],"class_list":{"0":"post-875","1":"product","2":"type-product","3":"status-publish","4":"has-post-thumbnail","6":"product_cat-cnc-tool-setter","7":"product_tag-cnc-5-axis-tool-setter","8":"product_tag-ip68-sealed-in-machine-measurement","9":"product_tag-tool-breakage-detection-compensation","11":"first","12":"instock","13":"shipping-taxable","14":"product-type-simple"},"_links":{"self":[{"href":"https:\/\/cnc-probe.com\/pt\/wp-json\/wp\/v2\/product\/875","targetHints":{"allow":["GET"]}}],"collection":[{"href":"https:\/\/cnc-probe.com\/pt\/wp-json\/wp\/v2\/product"}],"about":[{"href":"https:\/\/cnc-probe.com\/pt\/wp-json\/wp\/v2\/types\/product"}],"wp:featuredmedia":[{"embeddable":true,"href":"https:\/\/cnc-probe.com\/pt\/wp-json\/wp\/v2\/media\/1025"}],"wp:attachment":[{"href":"https:\/\/cnc-probe.com\/pt\/wp-json\/wp\/v2\/media?parent=875"}],"wp:term":[{"taxonomy":"product_brand","embeddable":true,"href":"https:\/\/cnc-probe.com\/pt\/wp-json\/wp\/v2\/product_brand?post=875"},{"taxonomy":"product_cat","embeddable":true,"href":"https:\/\/cnc-probe.com\/pt\/wp-json\/wp\/v2\/product_cat?post=875"},{"taxonomy":"product_tag","embeddable":true,"href":"https:\/\/cnc-probe.com\/pt\/wp-json\/wp\/v2\/product_tag?post=875"}],"curies":[{"name":"wp","href":"https:\/\/api.w.org\/{rel}","templated":true}]}}