{"id":880,"date":"2026-01-17T06:37:02","date_gmt":"2026-01-17T06:37:02","guid":{"rendered":"https:\/\/cnc-probe.com\/?post_type=product&#038;p=880"},"modified":"2026-02-11T08:10:09","modified_gmt":"2026-02-11T08:10:09","slug":"five-directions-wireless-touch-tool-setter-for-cnc-machine","status":"publish","type":"product","link":"https:\/\/cnc-probe.com\/pt\/five-directions-wireless-touch-tool-setter-for-cnc-machine\/","title":{"rendered":"Cinco Direc\u00e7\u00f5es Ferramenta de toque sem fio Setter para m\u00e1quina Cnc"},"content":{"rendered":"<p>Este CNC Cinco direc\u00e7\u00f5es<strong> ajustador de ferramentas t\u00e1cteis sem fios<\/strong>\u00a0\u00e9 um tipo de contacto <strong>Medi\u00e7\u00e3o de ferramentas 3D<\/strong>\u00a0solu\u00e7\u00e3o concebida para centros de maquinagem modernos e tornos CNC onde os cabos s\u00e3o dif\u00edceis de passar ou onde a dist\u00e2ncia e os obst\u00e1culos tornam os sistemas convencionais pouco fi\u00e1veis. Utilizando <strong>transmiss\u00e3o por r\u00e1dio<\/strong>, O sistema de comunica\u00e7\u00e3o de dados \u00e9 est\u00e1vel e tolerante a barreiras - ideal para <strong>instala\u00e7\u00f5es \u00e0 dist\u00e2ncia<\/strong>, m\u00e1quinas fechadas e disposi\u00e7\u00f5es com mudan\u00e7as frequentes de mesa ou esta\u00e7\u00f5es m\u00faltiplas.<\/p>\n<p>Esta m\u00e1quina de afiar ferramentas possui um <strong>N\u00edvel de prote\u00e7\u00e3o IP68<\/strong>, O sistema de medi\u00e7\u00e3o \u00e9 um sistema de medi\u00e7\u00e3o de temperatura, que ajuda a resistir ao l\u00edquido de arrefecimento, \u00e0s aparas e ao p\u00f3, mantendo um desempenho de medi\u00e7\u00e3o consistente. Suporta <strong>medi\u00e7\u00e3o autom\u00e1tica do comprimento e do di\u00e2metro da ferramenta<\/strong>, permitindo uma configura\u00e7\u00e3o mais r\u00e1pida e um controlo repet\u00edvel do desvio da ferramenta sem medidores manuais. Ao integrar a verifica\u00e7\u00e3o da ferramenta no ciclo de maquina\u00e7\u00e3o, o sistema reduz a influ\u00eancia do operador e ajuda a manter a precis\u00e3o dimensional est\u00e1vel em todos os turnos.<\/p>\n<p>Como <strong>ajustador de ferramentas 3D tipo contacto<\/strong>, O sistema pode detetar e compensar automaticamente v\u00e1rias condi\u00e7\u00f5es da ferramenta, incluindo <strong>ferramentas partidas, desgaste de ferramentas e altera\u00e7\u00f5es de di\u00e2metro<\/strong>. O sistema identifica automaticamente estados an\u00f3malos da ferramenta, permitindo uma interven\u00e7\u00e3o precoce antes de serem produzidas pe\u00e7as de refugo. Isto melhora a garantia de qualidade, minimiza o retrabalho e aumenta a produtividade global, mantendo a m\u00e1quina a cortar com os desvios corretos.<\/p>\n<p>O produto adopta uma <strong>conce\u00e7\u00e3o horizontal<\/strong>\u00a0com uma efectiva <strong>corpo principal anti-colis\u00e3o<\/strong>, O sistema de controlo de qualidade da m\u00e1quina permite um funcionamento mais seguro em movimentos complexos de 5 eixos, onde pode ocorrer um contacto acidental. Para al\u00e9m disso, um <strong>vareta adaptadora de cer\u00e2mica<\/strong>\u00a0\u00e9 utilizado para proteger melhor o sensor ap\u00f3s impactos de contacto, reduzindo o risco de danos e permitindo uma vida \u00fatil mais longa em ciclos exigentes.<\/p>\n<p>Este dispositivo de fixa\u00e7\u00e3o de ferramentas \u00e9 especialmente adequado para m\u00e1quinas-ferramentas com utiliza\u00e7\u00e3o limitada de cabos - tais como <strong>centros de maquinagem de mesa dupla<\/strong>-bem como <strong>Tornos CNC com esta\u00e7\u00f5es de trabalho rotativas ou esta\u00e7\u00f5es de trabalho m\u00faltiplas<\/strong>. A implementa\u00e7\u00e3o sem fios pode simplificar a instala\u00e7\u00e3o, reduzir os pontos de manuten\u00e7\u00e3o e suportar disposi\u00e7\u00f5es flex\u00edveis das m\u00e1quinas sem sacrificar a fiabilidade da medi\u00e7\u00e3o.<\/p>\n<p>Ao combinar comunica\u00e7\u00e3o via r\u00e1dio, veda\u00e7\u00e3o robusta, estrutura resistente a colis\u00f5es e dete\u00e7\u00e3o inteligente de desgaste e rutura, este conjunto de ferramentas de 5 eixos sem fios ajuda as f\u00e1bricas a melhorar a precis\u00e3o da maquina\u00e7\u00e3o, a reduzir o tempo de configura\u00e7\u00e3o e a aumentar a efici\u00eancia da produ\u00e7\u00e3o - tornando-o uma atualiza\u00e7\u00e3o pr\u00e1tica para ambientes de fabrico de elevada mistura ou de elevado valor.<\/p>\n<p>&nbsp;<\/p>","protected":false},"excerpt":{"rendered":"<p>Ferramenta de ajuste t\u00e1til sem fios CNC de cinco direc\u00e7\u00f5es com transmiss\u00e3o por r\u00e1dio para ambientes de m\u00e1quinas de longa dist\u00e2ncia ou obstru\u00eddos. O corpo anti-colis\u00e3o horizontal, com veda\u00e7\u00e3o IP68, e a haste adaptadora de cer\u00e2mica protegem o sensor. Mede automaticamente o comprimento\/di\u00e2metro da ferramenta, detecta desgaste e ferramentas partidas, e suporta tornos com esta\u00e7\u00f5es de trabalho rotativas ou m\u00faltiplas.<\/p>","protected":false},"featured_media":1020,"template":"","meta":{"_gspb_post_css":""},"product_brand":[],"product_cat":[17],"product_tag":[64,66,65],"class_list":{"0":"post-880","1":"product","2":"type-product","3":"status-publish","4":"has-post-thumbnail","6":"product_cat-cnc-tool-setter","7":"product_tag-cnc-wireless-5-axis-tool-setter","8":"product_tag-five-directions-wireless-touch-tool-setter","9":"product_tag-radio-transmission-3d-measurement","11":"first","12":"instock","13":"shipping-taxable","14":"product-type-simple"},"_links":{"self":[{"href":"https:\/\/cnc-probe.com\/pt\/wp-json\/wp\/v2\/product\/880","targetHints":{"allow":["GET"]}}],"collection":[{"href":"https:\/\/cnc-probe.com\/pt\/wp-json\/wp\/v2\/product"}],"about":[{"href":"https:\/\/cnc-probe.com\/pt\/wp-json\/wp\/v2\/types\/product"}],"wp:featuredmedia":[{"embeddable":true,"href":"https:\/\/cnc-probe.com\/pt\/wp-json\/wp\/v2\/media\/1020"}],"wp:attachment":[{"href":"https:\/\/cnc-probe.com\/pt\/wp-json\/wp\/v2\/media?parent=880"}],"wp:term":[{"taxonomy":"product_brand","embeddable":true,"href":"https:\/\/cnc-probe.com\/pt\/wp-json\/wp\/v2\/product_brand?post=880"},{"taxonomy":"product_cat","embeddable":true,"href":"https:\/\/cnc-probe.com\/pt\/wp-json\/wp\/v2\/product_cat?post=880"},{"taxonomy":"product_tag","embeddable":true,"href":"https:\/\/cnc-probe.com\/pt\/wp-json\/wp\/v2\/product_tag?post=880"}],"curies":[{"name":"wp","href":"https:\/\/api.w.org\/{rel}","templated":true}]}}