{"id":885,"date":"2026-01-17T06:52:00","date_gmt":"2026-01-17T06:52:00","guid":{"rendered":"https:\/\/cnc-probe.com\/?post_type=product&#038;p=885"},"modified":"2026-02-28T09:24:26","modified_gmt":"2026-02-28T09:24:26","slug":"cnc-laser-tool-setter-high-precision-non-contact-fast-response","status":"publish","type":"product","link":"https:\/\/cnc-probe.com\/pt\/cnc-laser-tool-setter-high-precision-non-contact-fast-response\/","title":{"rendered":"M\u00e1quina de ajuste de ferramentas a laser CNC Alta precis\u00e3o Sem contacto Resposta r\u00e1pida"},"content":{"rendered":"<h1>Fun\u00e7\u00e3o m\u00faltipla:<\/h1>\n<p>Inspe\u00e7\u00e3o de danos nas ferramentas<br \/>\nMedi\u00e7\u00e3o do comprimento da ferramenta<\/p>\n<p>Medi\u00e7\u00e3o do raio da ferramenta<\/p>\n<p>Medi\u00e7\u00e3o da forma da ferramenta<\/p>\n<p>Monitoriza\u00e7\u00e3o da forma da ferramenta<br \/>\nMonitoriza\u00e7\u00e3o do corte de uma aresta<\/p>\n<p>Compensa\u00e7\u00e3o do desgaste<\/p>\n<p>Compensa\u00e7\u00e3o do eixo<\/p>\n<p>Monitoriza\u00e7\u00e3o da ponta da ferramenta<\/p>\n<p>Controlo da ferramenta de chanfrar<\/p>\n<p>Monitoriza\u00e7\u00e3o de ferramentas c\u00f3nicas<\/p>\n<p>&nbsp;<\/p>\n<h1>Vantagem:<\/h1>\n<p>A medi\u00e7\u00e3o automatizada \u00e9 altamente eficiente em termos de tempo<\/p>\n<p>Qualidade excecional e taxas de defeito extremamente baixas<\/p>\n<p>Permite um fluxo de trabalho em circuito fechado<\/p>\n<p>Modo de funcionamento n\u00e3o tripulado e automatizado<\/p>\n<p>Mede e controla v\u00e1rios tipos de ferramentas, formas, etc.<\/p>\n<p>Medi\u00e7\u00e3o altamente din\u00e2mica de todas as carater\u00edsticas da ferramenta<\/p>\n<p>Reduz o tempo de medi\u00e7\u00e3o e inspe\u00e7\u00e3o at\u00e9 60%<\/p>\n<p>Ajusta a velocidade dinamicamente com base nas RPM nominais da ferramenta<\/p>\n<p>Medi\u00e7\u00f5es fi\u00e1veis mesmo na presen\u00e7a de l\u00edquido de refrigera\u00e7\u00e3o<\/p>\n<p>Filtra a sujidade e os res\u00edduos de l\u00edquido de refrigera\u00e7\u00e3o aderentes \u00e0 ferramenta<\/p>\n<p>&nbsp;<\/p>\n<h1>Carater\u00edstica principal:<\/h1>\n<p>A mais elevada precis\u00e3o repet\u00edvel (2o)\u2264 0,1\u03bcm<\/p>\n<p>Precis\u00e3o global padr\u00e3o (2o) \u2264 1\u03bcm<\/p>\n<p>Desenho de laser focado para ferramentas de medi\u00e7\u00e3o com di\u00e2metro de 0,03 mm<\/p>\n<p>Detetar o comprimento da ferramenta, o di\u00e2metro da ferramenta e a deflex\u00e3o da ferramenta, incluindo danos nos dentes de ferramentas com v\u00e1rios dentes<\/p>\n<p>Actualiza automaticamente os erros de desvio da ferramenta e pode monitorizar e compensar a deforma\u00e7\u00e3o t\u00e9rmica do fuso da m\u00e1quina-ferramenta<\/p>\n<p>Utiliza dete\u00e7\u00e3o laser sem contacto, assegurando uma maior precis\u00e3o e estabilidade sem contacto com a ferramenta<\/p>\n<p>\u00c0 prova de \u00e1gua at\u00e9 10 metros de profundidade, a veda\u00e7\u00e3o \u00e9 IP68<\/p>\n<p>Utiliza software para reconhecer e filtrar ativamente a interfer\u00eancia de got\u00edculas de \u00e1gua, reduzindo significativamente os falsos alarmes.<\/p>\n<p>&nbsp;<\/p>\n<h1>Par\u00e2metros do produto:<\/h1>\n<table style=\"border-collapse: collapse; width: 474.02pt;\" border=\"0\" width=\"790\" cellspacing=\"0\" cellpadding=\"0\">\n<tbody>\n<tr style=\"height: 25.05pt;\">\n<td class=\"et4\" style=\"height: 25.05pt; width: 180.00pt;\" width=\"300\" height=\"41\">Item No.<\/td>\n<td class=\"et5\" style=\"width: 98.10pt;\" width=\"163\">DNC56<\/td>\n<td class=\"et5\" style=\"width: 98.10pt;\" width=\"163\">DNC86<\/td>\n<td class=\"et5\" style=\"width: 98.10pt;\" width=\"163\">DNC168<\/td>\n<\/tr>\n<tr style=\"height: 36.00pt;\">\n<td class=\"et4\" style=\"height: 36.00pt; width: 180.00pt;\" width=\"300\" height=\"60\">Ferramenta de medi\u00e7\u00e3o centrada Gama de di\u00e2metros<\/td>\n<td class=\"et6\" style=\"width: 98.10pt;\" width=\"163\">\u03c60.03-50<\/td>\n<td class=\"et6\" style=\"width: 98.10pt;\" width=\"163\">\u03c60.03-80<\/td>\n<td class=\"et6\" style=\"width: 98.10pt;\" width=\"163\">\u03c60.03-160<\/td>\n<\/tr>\n<tr style=\"height: 31.00pt;\">\n<td class=\"et4\" style=\"height: 31.00pt; width: 180.00pt;\" width=\"300\" height=\"51\">Gama de di\u00e2metros da ferramenta de medi\u00e7\u00e3o tangencial<\/td>\n<td class=\"et6\" style=\"width: 98.10pt;\" width=\"163\">\u03c60.03-60<\/td>\n<td class=\"et6\" style=\"width: 98.10pt;\" width=\"163\">\u03c60.03-110<\/td>\n<td class=\"et6\" style=\"width: 98.10pt;\" width=\"163\">\u03c60.03-320<\/td>\n<\/tr>\n<tr style=\"height: 25.05pt;\">\n<td class=\"et4\" style=\"height: 25.05pt; width: 180.00pt;\" width=\"300\" height=\"41\">Repetibilidade (2\u03c3)<\/td>\n<td class=\"et7\" style=\"width: 294.30pt;\" colspan=\"3\" width=\"490\">\u00b10,1um<\/td>\n<\/tr>\n<tr style=\"height: 31.00pt;\">\n<td class=\"et4\" style=\"height: 31.00pt; width: 180.00pt;\" width=\"300\" height=\"51\">Exatid\u00e3o geral global<\/td>\n<td class=\"et6\" style=\"width: 294.30pt;\" colspan=\"3\" width=\"490\">\u00b11um<\/td>\n<\/tr>\n<tr style=\"height: 25.05pt;\">\n<td class=\"et8\" style=\"height: 25.05pt;\" height=\"41\">Tipo de laser<\/td>\n<td class=\"et9\" colspan=\"3\">Pot\u00eancia &lt;1mW, comprimento de onda 680nm<\/td>\n<\/tr>\n<tr style=\"height: 25.05pt;\">\n<td class=\"et8\" style=\"height: 25.05pt;\" height=\"41\">Colima\u00e7\u00e3o de feixes laser<\/td>\n<td class=\"et6\" style=\"width: 294.30pt;\" colspan=\"3\" width=\"490\">Regula\u00e7\u00e3o atrav\u00e9s da base de montagem<\/td>\n<\/tr>\n<tr style=\"height: 25.05pt;\">\n<td class=\"et8\" style=\"height: 25.05pt;\" height=\"41\">Tens\u00e3o da fonte de alimenta\u00e7\u00e3o<\/td>\n<td class=\"et9\" colspan=\"3\"><span class=\"font1\">50mA<\/span><span class=\"font0\">\uff0c<\/span><span class=\"font1\">24VDC<\/span><\/td>\n<\/tr>\n<tr style=\"height: 25.05pt;\">\n<td class=\"et8\" style=\"height: 25.05pt;\" height=\"41\">Prote\u00e7\u00e3o de energia<\/td>\n<td class=\"et6\" style=\"width: 294.30pt;\" colspan=\"3\" width=\"490\">Prote\u00e7\u00e3o rearm\u00e1vel, fus\u00edvel substitu\u00edvel<\/td>\n<\/tr>\n<tr style=\"height: 25.05pt;\">\n<td class=\"et8\" style=\"height: 25.05pt;\" height=\"41\">Sinal de sa\u00edda<\/td>\n<td class=\"et6\" style=\"width: 294.30pt;\" colspan=\"3\" width=\"490\">Corrente m\u00e1xima 50mA, Tens\u00e3o m\u00e1xima \u00b150V<\/td>\n<\/tr>\n<tr style=\"height: 25.05pt;\">\n<td class=\"et8\" style=\"height: 25.05pt;\" height=\"41\">M\u00e9todo de transmiss\u00e3o do sinal<\/td>\n<td class=\"et6\" style=\"width: 294.30pt;\" colspan=\"3\" width=\"490\">Cabo de par entran\u00e7ado de 8 n\u00facleos blindado e resistente a \u00f3leo de 5 m<\/td>\n<\/tr>\n<tr style=\"height: 25.05pt;\">\n<td class=\"et8\" style=\"height: 25.05pt;\" height=\"41\">Fornecimento de ar<\/td>\n<td class=\"et6\" style=\"width: 294.30pt;\" colspan=\"3\" width=\"490\">Tubo de 6 mm (43psi-87psi)<\/td>\n<\/tr>\n<tr style=\"height: 25.05pt;\">\n<td class=\"et8\" style=\"height: 25.05pt;\" height=\"41\">Vida \u00fatil<\/td>\n<td class=\"et7\" style=\"width: 294.30pt;\" colspan=\"3\" width=\"490\">&gt;1 milh\u00e3o de ciclos de comuta\u00e7\u00e3o<\/td>\n<\/tr>\n<tr style=\"height: 25.05pt;\">\n<td class=\"et8\" style=\"height: 25.05pt;\" height=\"41\">Veda\u00e7\u00e3o<\/td>\n<td class=\"et6\" style=\"width: 294.30pt;\" colspan=\"3\" width=\"490\">IP68<\/td>\n<\/tr>\n<tr style=\"height: 25.05pt;\">\n<td class=\"et8\" style=\"height: 25.05pt;\" height=\"41\">Material<\/td>\n<td class=\"et10\" colspan=\"3\">Alum\u00ednio para avia\u00e7\u00e3o<\/td>\n<\/tr>\n<tr style=\"height: 25.05pt;\">\n<td class=\"et8\" style=\"height: 25.05pt;\" height=\"41\">Gama de temperaturas de armazenamento<\/td>\n<td class=\"et11\" colspan=\"3\">-10\u00b0 a 70\u00b0<\/td>\n<\/tr>\n<tr style=\"height: 25.05pt;\">\n<td class=\"et8\" style=\"height: 25.05pt;\" height=\"41\">Gama de temperaturas de funcionamento<\/td>\n<td class=\"et9\" colspan=\"3\">5\u00b0 a 50\u00b0<\/td>\n<\/tr>\n<\/tbody>\n<\/table>","protected":false},"excerpt":{"rendered":"<p>Ferramenta de ajuste a laser CNC para medi\u00e7\u00e3o e monitoriza\u00e7\u00e3o ultra-r\u00e1pida e sem contacto da ferramenta. Repetibilidade \u22640,1\u03bcm (2\u03c3), exatid\u00e3o \u22641\u03bcm (2\u03c3), mede at\u00e9 \u00d80,03mm. Detecta comprimento, di\u00e2metro, deflex\u00e3o e danos nos dentes, filtra l\u00edquido de refrigera\u00e7\u00e3o\/sujidade, IP68 (10 m) e suporta automa\u00e7\u00e3o n\u00e3o tripulada em circuito fechado.<\/p>","protected":false},"featured_media":887,"template":"","meta":{"_gspb_post_css":""},"product_brand":[],"product_cat":[17],"product_tag":[67,69,68],"class_list":{"0":"post-885","1":"product","2":"type-product","3":"status-publish","4":"has-post-thumbnail","6":"product_cat-cnc-tool-setter","7":"product_tag-cnc-laser-tool-setter","8":"product_tag-non-contact-fast-response-tool-setter","9":"product_tag-non-contact-micro-tool-measurement","11":"first","12":"instock","13":"shipping-taxable","14":"product-type-simple"},"_links":{"self":[{"href":"https:\/\/cnc-probe.com\/pt\/wp-json\/wp\/v2\/product\/885","targetHints":{"allow":["GET"]}}],"collection":[{"href":"https:\/\/cnc-probe.com\/pt\/wp-json\/wp\/v2\/product"}],"about":[{"href":"https:\/\/cnc-probe.com\/pt\/wp-json\/wp\/v2\/types\/product"}],"wp:featuredmedia":[{"embeddable":true,"href":"https:\/\/cnc-probe.com\/pt\/wp-json\/wp\/v2\/media\/887"}],"wp:attachment":[{"href":"https:\/\/cnc-probe.com\/pt\/wp-json\/wp\/v2\/media?parent=885"}],"wp:term":[{"taxonomy":"product_brand","embeddable":true,"href":"https:\/\/cnc-probe.com\/pt\/wp-json\/wp\/v2\/product_brand?post=885"},{"taxonomy":"product_cat","embeddable":true,"href":"https:\/\/cnc-probe.com\/pt\/wp-json\/wp\/v2\/product_cat?post=885"},{"taxonomy":"product_tag","embeddable":true,"href":"https:\/\/cnc-probe.com\/pt\/wp-json\/wp\/v2\/product_tag?post=885"}],"curies":[{"name":"wp","href":"https:\/\/api.w.org\/{rel}","templated":true}]}}