{"id":892,"date":"2026-01-17T07:53:42","date_gmt":"2026-01-17T07:53:42","guid":{"rendered":"https:\/\/cnc-probe.com\/?post_type=product&#038;p=892"},"modified":"2026-02-28T08:15:58","modified_gmt":"2026-02-28T08:15:58","slug":"cnc-modular-touch-probe-precision-measuring-stable-signal","status":"publish","type":"product","link":"https:\/\/cnc-probe.com\/pt\/cnc-modular-touch-probe-precision-measuring-stable-signal\/","title":{"rendered":"Sonda t\u00e1til modular cnc Sinal est\u00e1vel de medi\u00e7\u00e3o de precis\u00e3o"},"content":{"rendered":"<h1>Carater\u00edstica principal:<\/h1>\n<p>Sinais de r\u00e1dio, transmiss\u00e3o sem barreiras<\/p>\n<p>Baixo consumo de energia com dura\u00e7\u00e3o da bateria superior a 1 ano<\/p>\n<p>&lt; 1\/100.000 probabilidade de perda de sinal<\/p>\n<p>O comprimento do m\u00f3dulo de sonda \u00e9 ajust\u00e1vel<\/p>\n<p>Tecnologia inteligente de corte de frequ\u00eancia<\/p>\n<p>Ideal para cen\u00e1rios de maquinagem com medi\u00e7\u00e3o de cavidades profundas.<\/p>\n<p>&nbsp;<\/p>\n<h1>Vantagem:<\/h1>\n<p>Utilizando sinais de ondas de r\u00e1dio sem fios, sem medo de obst\u00e1culos, montagem modular com sonda de di\u00e2metro o25 e hastes extens\u00edveis para combina\u00e7\u00f5es flex\u00edveis de comprimento de sonda. Adequado para as ind\u00fastrias de moldes, autom\u00f3vel e militar com requisitos de medi\u00e7\u00e3o de cavidades profundas.<\/p>\n<p>&nbsp;<\/p>\n<h1>Par\u00e2metros do produto:<\/h1>\n<table style=\"border-collapse: collapse; width: 432.02pt;\" border=\"0\" width=\"720\" cellspacing=\"0\" cellpadding=\"0\">\n<tbody>\n<tr style=\"height: 25.05pt;\">\n<td class=\"et4\" style=\"height: 25.05pt; width: 154.80pt;\" width=\"258\" height=\"41\">Item No.<\/td>\n<td class=\"et5\" style=\"width: 277.20pt;\" colspan=\"2\" width=\"462\">DRP25M<\/td>\n<\/tr>\n<tr style=\"height: 25.05pt;\">\n<td class=\"et4\" style=\"height: 25.05pt; width: 154.80pt;\" width=\"258\" height=\"41\"><span class=\"font1\">Repetibilidade<\/span><span class=\"font2\">\uff08<\/span><span class=\"font1\">2\u03c3<\/span><span class=\"font2\">\uff09<\/span><\/td>\n<td class=\"et6\" style=\"width: 277.20pt;\" colspan=\"2\" width=\"462\"><span class=\"font1\">&lt;1um<\/span><span class=\"font2\">\uff08<\/span><span class=\"font1\">caneta<\/span><span class=\"font2\">\uff1a<\/span><span class=\"font1\">50mm<\/span><span class=\"font2\">\uff0c<\/span><span class=\"font1\">velocidade<\/span><span class=\"font2\">\uff1a<\/span><span class=\"font1\">50~200mm\/min<\/span><span class=\"font2\">\uff09<\/span><\/td>\n<\/tr>\n<tr style=\"height: 25.05pt;\">\n<td class=\"et4\" style=\"height: 25.05pt; width: 154.80pt;\" width=\"258\" height=\"41\">Dire\u00e7\u00e3o de disparo<\/td>\n<td class=\"et6\" style=\"width: 277.20pt;\" colspan=\"2\" width=\"462\">\u00b1X,\u00b1Y,+Z<\/td>\n<\/tr>\n<tr style=\"height: 39.00pt;\">\n<td class=\"et4\" style=\"height: 39.00pt; width: 154.80pt;\" width=\"258\" height=\"65\"><span class=\"font1\">For\u00e7a do gatilho<\/span><span class=\"font2\">\uff08<\/span><span class=\"font1\">caneta<\/span><span class=\"font2\">\uff1a<\/span><span class=\"font1\">50mm<\/span><span class=\"font2\">\uff09<\/span><\/td>\n<td class=\"et7\" style=\"width: 138.60pt;\" width=\"231\">Plano XY 0,5~0,9N<\/td>\n<td class=\"et8\" style=\"width: 138.60pt;\" width=\"231\">Z: 6.2N<\/td>\n<\/tr>\n<tr style=\"height: 25.05pt;\">\n<td class=\"et4\" style=\"height: 25.05pt; width: 154.80pt;\" width=\"258\" height=\"41\">Gama de prote\u00e7\u00e3o<\/td>\n<td class=\"et7\" style=\"width: 138.60pt;\" width=\"231\">Plano XY +\/-12,5\u00b0<\/td>\n<td class=\"et8\" style=\"width: 138.60pt;\" width=\"231\">Z: 6,2 mm<\/td>\n<\/tr>\n<tr style=\"height: 25.05pt;\">\n<td class=\"et9\" style=\"height: 25.05pt;\" height=\"41\">Modo de transmiss\u00e3o do sinal<\/td>\n<td class=\"et10\" colspan=\"2\">Transmiss\u00e3o por r\u00e1dio<\/td>\n<\/tr>\n<tr style=\"height: 25.05pt;\">\n<td class=\"et9\" style=\"height: 25.05pt;\" height=\"41\">Gama de funcionamento<\/td>\n<td class=\"et6\" style=\"width: 277.20pt;\" colspan=\"2\" width=\"462\">15m<\/td>\n<\/tr>\n<tr style=\"height: 25.05pt;\">\n<td class=\"et9\" style=\"height: 25.05pt;\" height=\"41\">Vida \u00fatil do gatilho<\/td>\n<td class=\"et10\" colspan=\"2\">&gt;10 milh\u00f5es<\/td>\n<\/tr>\n<tr style=\"height: 25.05pt;\">\n<td class=\"et9\" style=\"height: 25.05pt;\" height=\"41\">\u00c2ngulo de transmiss\u00e3o<\/td>\n<td class=\"et6\" style=\"width: 277.20pt;\" colspan=\"2\" width=\"462\">360\u00b0Envelope de transmiss\u00e3o<\/td>\n<\/tr>\n<tr style=\"height: 25.05pt;\">\n<td class=\"et11\" style=\"height: 25.05pt;\" height=\"41\">Radiofrequ\u00eancia<\/td>\n<td class=\"et6\" style=\"width: 277.20pt;\" colspan=\"2\" width=\"462\">2.4G<\/td>\n<\/tr>\n<tr style=\"height: 25.05pt;\">\n<td class=\"et11\" style=\"height: 25.05pt;\" height=\"41\">N\u00famero de canais<\/td>\n<td class=\"et12\" style=\"width: 277.20pt;\" colspan=\"2\" width=\"462\">83<\/td>\n<\/tr>\n<tr style=\"height: 25.05pt;\">\n<td class=\"et11\" style=\"height: 25.05pt;\" height=\"41\">Comuta\u00e7\u00e3o de canais<\/td>\n<td class=\"et6\" style=\"width: 277.20pt;\" colspan=\"2\" width=\"462\">Salto de frequ\u00eancia inteligente<\/td>\n<\/tr>\n<tr style=\"height: 25.05pt;\">\n<td class=\"et11\" style=\"height: 25.05pt;\" height=\"41\">Transmiss\u00e3o ligada<\/td>\n<td class=\"et6\" style=\"width: 277.20pt;\" colspan=\"2\" width=\"462\">C\u00f3digo M<\/td>\n<\/tr>\n<tr style=\"height: 25.05pt;\">\n<td class=\"et9\" style=\"height: 25.05pt;\" height=\"41\">Modelo de bateria<\/td>\n<td class=\"et10\" colspan=\"2\">2x Bateria de l\u00edtio 14250<\/td>\n<\/tr>\n<tr style=\"height: 25.05pt;\">\n<td class=\"et14\" style=\"height: 125.25pt;\" rowspan=\"5\" height=\"208\">Dura\u00e7\u00e3o da bateria<\/td>\n<td class=\"et15\">Aguardar<\/td>\n<td class=\"et8\" style=\"width: 138.60pt;\" width=\"231\">&gt;400dias<\/td>\n<\/tr>\n<tr style=\"height: 25.05pt;\">\n<td class=\"et15\">3000 accionamentos\/dia<\/td>\n<td class=\"et8\" style=\"width: 138.60pt;\" width=\"231\">350dias<\/td>\n<\/tr>\n<tr style=\"height: 25.05pt;\">\n<td class=\"et15\">800 accionamentos\/dia<\/td>\n<td class=\"et8\" style=\"width: 138.60pt;\" width=\"231\">300 dias<\/td>\n<\/tr>\n<tr style=\"height: 25.05pt;\">\n<td class=\"et15\">15000 disparos\/dia<\/td>\n<td class=\"et8\" style=\"width: 138.60pt;\" width=\"231\">230dias<\/td>\n<\/tr>\n<tr style=\"height: 25.05pt;\">\n<td class=\"et15\" colspan=\"2\">Trabalho cont\u00ednuo: &gt;3,5 milh\u00f5es<\/td>\n<\/tr>\n<tr style=\"height: 25.05pt;\">\n<td class=\"et9\" style=\"height: 25.05pt;\" height=\"41\">Veda\u00e7\u00e3o<\/td>\n<td class=\"et10\" colspan=\"2\">IP68<\/td>\n<\/tr>\n<tr style=\"height: 25.05pt;\">\n<td class=\"et9\" style=\"height: 25.05pt;\" height=\"41\">Temperatura de funcionamento<\/td>\n<td class=\"et14\" colspan=\"2\"><span class=\"font1\">5-60<\/span><span class=\"font2\">\u2103<\/span><\/td>\n<\/tr>\n<\/tbody>\n<\/table>\n<p>&nbsp;<\/p>","protected":false},"excerpt":{"rendered":"<p>Sonda de toque modular CNC com sinais de r\u00e1dio sem fio para transmiss\u00e3o sem barreiras em cavidades profundas. Bateria de baixa pot\u00eancia com dura\u00e7\u00e3o &gt;1 ano, probabilidade de perda de sinal &lt;1\/100.000, tecnologia inteligente de corte de frequ\u00eancia e comprimento ajust\u00e1vel do m\u00f3dulo do apalpador com hastes modulares de \u03a625 - ideal para tarefas de medi\u00e7\u00e3o de moldes, autom\u00f3veis e defesa.<\/p>","protected":false},"featured_media":893,"template":"","meta":{"_gspb_post_css":""},"product_brand":[],"product_cat":[15],"product_tag":[70,72,71],"class_list":{"0":"post-892","1":"product","2":"type-product","3":"status-publish","4":"has-post-thumbnail","6":"product_cat-touch-probe","7":"product_tag-cnc-modular-touch-probe","8":"product_tag-deep-cavity-measurement-25","9":"product_tag-rf-barrier-free-transmission","11":"first","12":"instock","13":"shipping-taxable","14":"product-type-simple"},"_links":{"self":[{"href":"https:\/\/cnc-probe.com\/pt\/wp-json\/wp\/v2\/product\/892","targetHints":{"allow":["GET"]}}],"collection":[{"href":"https:\/\/cnc-probe.com\/pt\/wp-json\/wp\/v2\/product"}],"about":[{"href":"https:\/\/cnc-probe.com\/pt\/wp-json\/wp\/v2\/types\/product"}],"wp:featuredmedia":[{"embeddable":true,"href":"https:\/\/cnc-probe.com\/pt\/wp-json\/wp\/v2\/media\/893"}],"wp:attachment":[{"href":"https:\/\/cnc-probe.com\/pt\/wp-json\/wp\/v2\/media?parent=892"}],"wp:term":[{"taxonomy":"product_brand","embeddable":true,"href":"https:\/\/cnc-probe.com\/pt\/wp-json\/wp\/v2\/product_brand?post=892"},{"taxonomy":"product_cat","embeddable":true,"href":"https:\/\/cnc-probe.com\/pt\/wp-json\/wp\/v2\/product_cat?post=892"},{"taxonomy":"product_tag","embeddable":true,"href":"https:\/\/cnc-probe.com\/pt\/wp-json\/wp\/v2\/product_tag?post=892"}],"curies":[{"name":"wp","href":"https:\/\/api.w.org\/{rel}","templated":true}]}}